{"id":16,"date":"2018-08-29T03:18:22","date_gmt":"2018-08-29T03:18:22","guid":{"rendered":"http:\/\/www.osmickasobe.cz\/?page_id=16"},"modified":"2022-09-13T20:18:11","modified_gmt":"2022-09-13T20:18:11","slug":"domu","status":"publish","type":"page","link":"https:\/\/www.osmickasobe.cz\/","title":{"rendered":"Osmi\u010dka sob\u011b"},"content":{"rendered":"\n<p class=\"has-text-align-left has-dark-gray-color has-text-color\" style=\"font-size:26px\">    <strong>Ve volb\u00e1ch podporujeme kandid\u00e1tku<\/strong><\/p>\n\n\n\n<figure class=\"wp-block-image size-large is-resized\"><img loading=\"lazy\" src=\"http:\/\/www.osmickasobe.cz\/wp-content\/uploads\/2022\/09\/Trika_grafika_pruhledne-pozadi-04-1024x557.png\" alt=\"\" class=\"wp-image-2544\" width=\"607\" height=\"330\" srcset=\"https:\/\/www.osmickasobe.cz\/wp-content\/uploads\/2022\/09\/Trika_grafika_pruhledne-pozadi-04-1024x557.png 1024w, https:\/\/www.osmickasobe.cz\/wp-content\/uploads\/2022\/09\/Trika_grafika_pruhledne-pozadi-04-300x163.png 300w, https:\/\/www.osmickasobe.cz\/wp-content\/uploads\/2022\/09\/Trika_grafika_pruhledne-pozadi-04-768x418.png 768w, https:\/\/www.osmickasobe.cz\/wp-content\/uploads\/2022\/09\/Trika_grafika_pruhledne-pozadi-04.png 1182w\" sizes=\"(max-width: 607px) 100vw, 607px\" \/><\/figure>\n\n\n\n<p class=\"has-dark-gray-color has-text-color\" style=\"font-size:26px\">  <strong>24. z\u00e1\u0159\u00ed\u00a0 podpo\u0159te kandid\u00e1tku \u010d\u00edslo 7!\u00a0 D\u011bkujeme!<\/strong><\/p>\n\n\n\n<h4 class=\"has-dark-gray-color has-text-color\">        <\/h4>\n\n\n\n<h4 class=\"has-dark-gray-color has-text-color\"><a href=\"http:\/\/www.osmickasobe.cz\/wp-content\/uploads\/2022\/09\/NOVINY-TISK-FINAL.pdf\">Volebn\u00ed noviny \u010cSSD, KDU-\u010cSL, Zelen\u00ed s podporou Osmi\u010dky sob\u011b v roce 2022<\/a><\/h4>\n\n\n\n<figure class=\"wp-block-image size-full is-resized\"><a href=\"http:\/\/www.osmickasobe.cz\/wp-content\/uploads\/2022\/09\/NOVINY-TISK-FINAL-1.pdf\" target=\"_blank\" rel=\"noreferrer noopener\"><img loading=\"lazy\" src=\"http:\/\/www.osmickasobe.cz\/wp-content\/uploads\/2022\/09\/2022-09-13_22-02-55.png\" alt=\"\" class=\"wp-image-2548\" width=\"69\" height=\"97\" srcset=\"https:\/\/www.osmickasobe.cz\/wp-content\/uploads\/2022\/09\/2022-09-13_22-02-55.png 606w, https:\/\/www.osmickasobe.cz\/wp-content\/uploads\/2022\/09\/2022-09-13_22-02-55-212x300.png 212w\" sizes=\"(max-width: 69px) 100vw, 69px\" \/><\/a><\/figure>\n\n\n\n<p><a href=\"http:\/\/www.osmickasobe.cz\/wp-content\/uploads\/2018\/09\/brozura_A2-A3_8ycka_006_web.pdf\">Volebn\u00ed noviny OSMI\u010cKA SOB\u011a \u2013&nbsp;ZELEN\u00cd, KDU-\u010cSL a nez\u00e1visl\u00ed v roce 2018<\/a><br><a href=\"http:\/\/www.osmickasobe.cz\/wp-content\/uploads\/2018\/09\/brozura_A2-A3_8ycka_006_web.pdf\"><img loading=\"lazy\" class=\"alignnone wp-image-231\" src=\"http:\/\/www.osmickasobe.cz\/wp-content\/uploads\/2018\/09\/Sn\u00edmek-obrazovky-2018-09-30-v-16.50.23-212x300.png\" alt=\"\" width=\"66\" height=\"93\" srcset=\"https:\/\/www.osmickasobe.cz\/wp-content\/uploads\/2018\/09\/Sn\u00edmek-obrazovky-2018-09-30-v-16.50.23-212x300.png 212w, https:\/\/www.osmickasobe.cz\/wp-content\/uploads\/2018\/09\/Sn\u00edmek-obrazovky-2018-09-30-v-16.50.23-768x1088.png 768w, https:\/\/www.osmickasobe.cz\/wp-content\/uploads\/2018\/09\/Sn\u00edmek-obrazovky-2018-09-30-v-16.50.23-723x1024.png 723w, https:\/\/www.osmickasobe.cz\/wp-content\/uploads\/2018\/09\/Sn\u00edmek-obrazovky-2018-09-30-v-16.50.23.png 1176w\" sizes=\"(max-width: 66px) 100vw, 66px\" \/><\/a><\/p>\n","protected":false},"excerpt":{"rendered":"<p>Ve volb\u00e1ch podporujeme kandid\u00e1tku 24. z\u00e1\u0159\u00ed\u00a0 podpo\u0159te kandid\u00e1tku \u010d\u00edslo 7!\u00a0 D\u011bkujeme! Volebn\u00ed noviny \u010cSSD, KDU-\u010cSL, Zelen\u00ed s podporou Osmi\u010dky sob\u011b v roce 2022 Volebn\u00ed noviny OSMI\u010cKA SOB\u011a \u2013&nbsp;ZELEN\u00cd, KDU-\u010cSL a nez\u00e1visl\u00ed v roce 2018<\/p>\n","protected":false},"author":1,"featured_media":96,"parent":0,"menu_order":0,"comment_status":"closed","ping_status":"closed","template":"","meta":[],"uagb_featured_image_src":{"full":["https:\/\/www.osmickasobe.cz\/wp-content\/uploads\/2018\/08\/IMG_5603.jpg",1500,1000,false],"thumbnail":["https:\/\/www.osmickasobe.cz\/wp-content\/uploads\/2018\/08\/IMG_5603-150x150.jpg",150,150,true],"medium":["https:\/\/www.osmickasobe.cz\/wp-content\/uploads\/2018\/08\/IMG_5603-300x200.jpg",300,200,true],"medium_large":["https:\/\/www.osmickasobe.cz\/wp-content\/uploads\/2018\/08\/IMG_5603-768x512.jpg",660,440,true],"large":["https:\/\/www.osmickasobe.cz\/wp-content\/uploads\/2018\/08\/IMG_5603-1024x683.jpg",660,440,true],"1536x1536":["https:\/\/www.osmickasobe.cz\/wp-content\/uploads\/2018\/08\/IMG_5603.jpg",1500,1000,false],"2048x2048":["https:\/\/www.osmickasobe.cz\/wp-content\/uploads\/2018\/08\/IMG_5603.jpg",1500,1000,false],"post-thumbnail":["https:\/\/www.osmickasobe.cz\/wp-content\/uploads\/2018\/08\/IMG_5603.jpg",765,510,false]},"uagb_author_info":{"display_name":"osmickasob","author_link":"https:\/\/www.osmickasobe.cz\/index.php\/author\/osmickasob\/"},"uagb_comment_info":0,"uagb_excerpt":"Ve volb\u00e1ch podporujeme kandid\u00e1tku 24. z\u00e1\u0159\u00ed\u00a0 podpo\u0159te kandid\u00e1tku \u010d\u00edslo 7!\u00a0 D\u011bkujeme! Volebn\u00ed noviny \u010cSSD, KDU-\u010cSL, Zelen\u00ed s podporou Osmi\u010dky sob\u011b v roce 2022 Volebn\u00ed noviny OSMI\u010cKA SOB\u011a \u2013&nbsp;ZELEN\u00cd, KDU-\u010cSL a nez\u00e1visl\u00ed v roce 2018","_links":{"self":[{"href":"https:\/\/www.osmickasobe.cz\/index.php\/wp-json\/wp\/v2\/pages\/16"}],"collection":[{"href":"https:\/\/www.osmickasobe.cz\/index.php\/wp-json\/wp\/v2\/pages"}],"about":[{"href":"https:\/\/www.osmickasobe.cz\/index.php\/wp-json\/wp\/v2\/types\/page"}],"author":[{"embeddable":true,"href":"https:\/\/www.osmickasobe.cz\/index.php\/wp-json\/wp\/v2\/users\/1"}],"replies":[{"embeddable":true,"href":"https:\/\/www.osmickasobe.cz\/index.php\/wp-json\/wp\/v2\/comments?post=16"}],"version-history":[{"count":30,"href":"https:\/\/www.osmickasobe.cz\/index.php\/wp-json\/wp\/v2\/pages\/16\/revisions"}],"predecessor-version":[{"id":2551,"href":"https:\/\/www.osmickasobe.cz\/index.php\/wp-json\/wp\/v2\/pages\/16\/revisions\/2551"}],"wp:featuredmedia":[{"embeddable":true,"href":"https:\/\/www.osmickasobe.cz\/index.php\/wp-json\/wp\/v2\/media\/96"}],"wp:attachment":[{"href":"https:\/\/www.osmickasobe.cz\/index.php\/wp-json\/wp\/v2\/media?parent=16"}],"curies":[{"name":"wp","href":"https:\/\/api.w.org\/{rel}","templated":true}]}}