{"id":18,"date":"2018-08-29T03:18:22","date_gmt":"2018-08-29T03:18:22","guid":{"rendered":"http:\/\/www.osmickasobe.cz\/?page_id=18"},"modified":"2022-08-22T17:26:01","modified_gmt":"2022-08-22T17:26:01","slug":"kontakt","status":"publish","type":"page","link":"https:\/\/www.osmickasobe.cz\/index.php\/kontakt\/","title":{"rendered":"Kontakt"},"content":{"rendered":"<p><img loading=\"lazy\" class=\"wp-image-188 alignleft\" src=\"http:\/\/www.osmickasobe.cz\/wp-content\/uploads\/2018\/09\/obliceje8_pavlu-150x150.png\" alt=\"\" width=\"74\" height=\"74\" srcset=\"https:\/\/www.osmickasobe.cz\/wp-content\/uploads\/2018\/09\/obliceje8_pavlu-150x150.png 150w, https:\/\/www.osmickasobe.cz\/wp-content\/uploads\/2018\/09\/obliceje8_pavlu.png 227w\" sizes=\"(max-width: 74px) 100vw, 74px\" \/><strong>Tom\u00e1\u0161 Pavl\u016f<\/strong><br \/>\npavluthom (zavin\u00e1\u010d) gmail.com<br \/>\nTel.: 605 983 609<\/p>\n<p>&nbsp;<\/p>\n<p>&nbsp;<\/p>\n","protected":false},"excerpt":{"rendered":"<p>Tom\u00e1\u0161 Pavl\u016f pavluthom (zavin\u00e1\u010d) gmail.com Tel.: 605 983 609 &nbsp; &nbsp;<\/p>\n","protected":false},"author":1,"featured_media":102,"parent":0,"menu_order":0,"comment_status":"closed","ping_status":"closed","template":"","meta":[],"uagb_featured_image_src":{"full":["https:\/\/www.osmickasobe.cz\/wp-content\/uploads\/2018\/08\/20180205_181159-e1538320243186.jpg",3264,987,false],"thumbnail":["https:\/\/www.osmickasobe.cz\/wp-content\/uploads\/2018\/08\/20180205_181159-e1538320243186-150x150.jpg",150,150,true],"medium":["https:\/\/www.osmickasobe.cz\/wp-content\/uploads\/2018\/08\/20180205_181159-e1538320243186-300x91.jpg",300,91,true],"medium_large":["https:\/\/www.osmickasobe.cz\/wp-content\/uploads\/2018\/08\/20180205_181159-e1538320243186-768x232.jpg",660,199,true],"large":["https:\/\/www.osmickasobe.cz\/wp-content\/uploads\/2018\/08\/20180205_181159-e1538320243186-1024x310.jpg",660,200,true],"1536x1536":["https:\/\/www.osmickasobe.cz\/wp-content\/uploads\/2018\/08\/20180205_181159-e1538320243186.jpg",1536,464,false],"2048x2048":["https:\/\/www.osmickasobe.cz\/wp-content\/uploads\/2018\/08\/20180205_181159-e1538320243186.jpg",2048,619,false],"post-thumbnail":["https:\/\/www.osmickasobe.cz\/wp-content\/uploads\/2018\/08\/20180205_181159-e1538320243186-825x510.jpg",825,510,true]},"uagb_author_info":{"display_name":"osmickasob","author_link":"https:\/\/www.osmickasobe.cz\/index.php\/author\/osmickasob\/"},"uagb_comment_info":0,"uagb_excerpt":"Tom\u00e1\u0161 Pavl\u016f pavluthom (zavin\u00e1\u010d) gmail.com Tel.: 605 983 609 &nbsp; &nbsp;","_links":{"self":[{"href":"https:\/\/www.osmickasobe.cz\/index.php\/wp-json\/wp\/v2\/pages\/18"}],"collection":[{"href":"https:\/\/www.osmickasobe.cz\/index.php\/wp-json\/wp\/v2\/pages"}],"about":[{"href":"https:\/\/www.osmickasobe.cz\/index.php\/wp-json\/wp\/v2\/types\/page"}],"author":[{"embeddable":true,"href":"https:\/\/www.osmickasobe.cz\/index.php\/wp-json\/wp\/v2\/users\/1"}],"replies":[{"embeddable":true,"href":"https:\/\/www.osmickasobe.cz\/index.php\/wp-json\/wp\/v2\/comments?post=18"}],"version-history":[{"count":7,"href":"https:\/\/www.osmickasobe.cz\/index.php\/wp-json\/wp\/v2\/pages\/18\/revisions"}],"predecessor-version":[{"id":2488,"href":"https:\/\/www.osmickasobe.cz\/index.php\/wp-json\/wp\/v2\/pages\/18\/revisions\/2488"}],"wp:featuredmedia":[{"embeddable":true,"href":"https:\/\/www.osmickasobe.cz\/index.php\/wp-json\/wp\/v2\/media\/102"}],"wp:attachment":[{"href":"https:\/\/www.osmickasobe.cz\/index.php\/wp-json\/wp\/v2\/media?parent=18"}],"curies":[{"name":"wp","href":"https:\/\/api.w.org\/{rel}","templated":true}]}}